{"id":17,"date":"2017-04-27T12:00:14","date_gmt":"2017-04-27T10:00:14","guid":{"rendered":"http:\/\/www.schnellzeichnen.de\/szdewp\/?page_id=17"},"modified":"2025-05-04T21:24:46","modified_gmt":"2025-05-04T19:24:46","slug":"impressum","status":"publish","type":"page","link":"https:\/\/www.schnellzeichnen.de\/szdewp\/impressum\/","title":{"rendered":"Impressum"},"content":{"rendered":"\n<h3 class=\"wp-block-heading\"><span style=\"font-family: arial, helvetica, sans-serif; color: #333333;\">Angaben gem\u00e4\u00df \u00a7 5 DDG:<\/span><\/h3>\n\n\n\n<p class=\"has-text-align-center\"><span style=\"font-family: arial, helvetica, sans-serif; font-size: 10pt;\">Werner Michael<\/span><br \/><span style=\"font-family: arial, helvetica, sans-serif; font-size: 10pt;\">Karikaturist, Schnell- und Showzeichner<\/span><br \/><span style=\"font-family: arial, helvetica, sans-serif; font-size: 10pt;\">K\u00f6ditzerstra\u00dfe 40<\/span><br \/><span style=\"font-family: arial, helvetica, sans-serif; font-size: 10pt;\">95030 Hof<\/span><\/p>\n\n\n\n<h3 class=\"wp-block-heading\"><span style=\"font-family: arial, helvetica, sans-serif;\">Kontakt:<\/span><\/h3>\n\n\n\n<p class=\"has-text-align-center\"><span style=\"font-family: arial,helvetica,sans-serif; font-size: 10pt;\">Telefon: 09281 18976<\/span><\/p>\n\n\n\n<p class=\"has-text-align-center\"><span style=\"font-family: arial,helvetica,sans-serif; font-size: 10pt;\">Telefax: 09281 18976<\/span><\/p>\n\n\n\n<p class=\"has-text-align-center\"><span style=\"font-size: 10pt; font-family: arial,helvetica,sans-serif;\"><a href=\"mailto:info@schnellzeichnen.de?subject=Anfrage:\"><span style=\"color: #000000;\">Email:<\/span><\/a><a href=\"mailto:info@schnellzeichnen.de?subject=Anfrage:\"> info@schnellzeichnen.de<\/a><\/span><\/p>\n\n\n\n<h3 class=\"wp-block-heading\"><span style=\"font-family: arial, helvetica, sans-serif;\">Umsatzsteuer-ID:<\/span><\/h3>\n\n\n\n<p class=\"has-text-align-center\"><span style=\"font-family: arial, helvetica, sans-serif; font-size: 10pt;\">Umsatzsteuer-Identifikationsnummer gem\u00e4\u00df \u00a727 a Umsatzsteuergesetz:<\/span><br \/><span style=\"font-family: arial, helvetica, sans-serif; font-size: 10pt;\"> DE 132926191<\/span><\/p>\n\n\n\n<h3 class=\"wp-block-heading\"><span style=\"font-family: arial, helvetica, sans-serif;\">Vertretungsberechtigter:<\/span><\/h3>\n\n\n\n<p class=\"has-text-align-center\"><span style=\"font-family: arial, helvetica, sans-serif; font-size: 10pt;\">Werner Michael (siehe oben)<\/span><\/p>\n\n\n\n<h3 class=\"wp-block-heading\"><span style=\"font-family: arial, helvetica, sans-serif;\">Verantwortlich f\u00fcr den Inhalt:<\/span><\/h3>\n\n\n\n<p class=\"has-text-align-center\"><span style=\"font-family: arial, helvetica, sans-serif; font-size: 10pt;\">Thomas Schmidt (Admin C) V.i.S.d.P.<\/span><br \/><span style=\"font-family: arial, helvetica, sans-serif; font-size: 10pt;\"> S\u00fcdstr. 8<\/span><br \/><span style=\"font-family: arial, helvetica, sans-serif; font-size: 10pt;\"> 95180 Berg<\/span><\/p>\n\n\n\n<h3 class=\"wp-block-heading\"><span style=\"font-family: arial, helvetica, sans-serif;\">Quellenangaben f\u00fcr die verwendeten Bilder und Grafiken:<\/span><\/h3>\n\n\n\n<p><span style=\"font-family: arial, helvetica, sans-serif;\">F\u00fcr verwendete Bilder, Grafiken, Presseartikel etc. finden Sie hier auf dieser Seite unter \u201e<a href=\"#szdequellen\"><strong>Angaben zum Urheberrecht<\/strong><\/a>!<\/span><\/p>\n\n\n\n<p><span style=\"font-family: arial,helvetica,sans-serif; font-size: 6pt;\">Quelle: <em><a href=\"http:\/\/www.e-recht24.de\/impressum-generator.html\" rel=\"nofollow\">http:\/\/www.e-recht24.de<\/a><\/em><\/span><\/p>\n\n\n\n<hr class=\"wp-block-separator has-alpha-channel-opacity\"\/>\n\n\n\n<h3 class=\"wp-block-heading\"><span style=\"font-family: arial, helvetica, sans-serif;\">Wichtige Angaben zum Onlineangebot<\/span><\/h3>\n\n\n\n<h4 class=\"wp-block-heading\"><strong><span style=\"font-family: arial, helvetica, sans-serif;\">Verantwortlichkeit f\u00fcr Inhalte<\/span><\/strong><\/h4>\n\n\n\n<p><span style=\"font-family: arial, helvetica, sans-serif; font-size: 10pt;\">Als Diensteanbieter sind wir gem\u00e4\u00df \u00a7 7 Abs.1 TMG f\u00fcr eigene Inhalte auf diesen Seiten nach den allgemeinen Gesetzen verantwortlich. Nach \u00a7\u00a7 8 bis 10 TMG sind wir als Diensteanbieter jedoch nicht verpflichtet, \u00fcbermittelte oder gespeicherte fremde Informationen zu \u00fcberwachen oder nach Umst\u00e4nden zu forschen, die auf eine rechtswidrige T\u00e4tigkeit hinweisen. Verpflichtungen zur Entfernung oder Sperrung der Nutzung von Informationen nach den allgemeinen Gesetzen bleiben hiervon unber\u00fchrt. Eine diesbez\u00fcgliche Haftung ist jedoch erst ab dem Zeitpunkt der Kenntnis einer konkreten Rechtsverletzung m\u00f6glich. Bei Bekanntwerden von entsprechenden Rechtsverletzungen werden wir diese Inhalte umgehend entfernen.<\/span><\/p>\n\n\n\n<h4 class=\"wp-block-heading\"><span style=\"font-family: arial, helvetica, sans-serif;\"><strong>Behandlung von Links<\/strong><\/span><\/h4>\n\n\n\n<p><span style=\"font-size: 10pt; font-family: arial, helvetica, sans-serif;\">Unser Angebot enth\u00e4lt Links zu externen Webseiten Dritter, auf deren Inhalte wir keinen Einfluss haben. Deshalb k\u00f6nnen wir f\u00fcr diese fremden Inhalte auch keine Gew\u00e4hr \u00fcbernehmen. F\u00fcr die Inhalte der verlinkten Seiten ist stets der jeweilige Anbieter oder Betreiber der Seiten verantwortlich. Die verlinkten Seiten wurden zum Zeitpunkt der Verlinkung auf m\u00f6gliche Rechtsverst\u00f6\u00dfe \u00fcberpr\u00fcft. Rechtswidrige Inhalte waren zum Zeitpunkt der Verlinkung nicht erkennbar. Eine permanente inhaltliche Kontrolle der verlinkten Seiten ist jedoch ohne konkrete Anhaltspunkte einer Rechtsverletzung nicht zumutbar. Bei Bekanntwerden von Rechtsverletzungen werden wir derartige Links umgehend entfernen.<\/span><\/p>\n\n\n\n<h4 class=\"wp-block-heading\"><span style=\"font-family: arial, helvetica, sans-serif;\"><strong>Angaben zum Urheberrecht<\/strong><\/span><\/h4>\n\n\n\n<p><span style=\"font-family: arial, helvetica, sans-serif; font-size: 10pt;\">Die durch die Seitenbetreiber erstellten Inhalte und Werke auf diesen Seiten unterliegen dem deutschen Urheberrecht. Die Vervielf\u00e4ltigung, Bearbeitung, Verbreitung und jede Art der Verwertung au\u00dferhalb der Grenzen des Urheberrechtes bed\u00fcrfen der schriftlichen Zustimmung des jeweiligen Autors bzw. Erstellers. Downloads und Kopien dieser Seite sind nur f\u00fcr den privaten, nicht kommerziellen Gebrauch gestattet. Soweit die Inhalte auf dieser Seite nicht vom Betreiber erstellt wurden, werden die Urheberrechte Dritter beachtet. Insbesondere werden Inhalte Dritter als solche gekennzeichnet. Sollten Sie trotzdem auf eine Urheberrechtsverletzung aufmerksam werden, bitten wir um einen entsprechenden Hinweis. Bei Bekanntwerden von Rechtsverletzungen werden wir derartige Inhalte umgehend entfernen.<\/span><\/p>\n\n\n\n<p><span style=\"font-family: arial, helvetica, sans-serif; font-size: 10pt;\">Wir weisen ausdr\u00fccklich daraufhin, da\u00df f\u00fcr die gelinkten Angebote oder dargestellten Daten (schriftliche) Erlaubnisse der jeweiligen Betreiber vorliegen, sofern die Links auf andere als die jeweiligen Indexseiten (=Homepages) verweisen!<\/span><\/p>\n\n\n\n<h4 class=\"wp-block-heading\"><strong><span style=\"font-family: arial, helvetica, sans-serif;\"><a id=\"szdequellen\"><\/a>Ausf\u00fchrliche Liste zu Quellenangaben und Nutzungserlaubnissen (Stand: M\u00e4rz 2016):<\/span><\/strong><\/h4>\n\n\n\n<h5 class=\"wp-block-heading\"><strong><span style=\"font-family: arial, helvetica, sans-serif;\">Bilder\/Fotos:<\/span><\/strong><\/h5>\n\n\n\n<p><span style=\"font-family: arial, helvetica, sans-serif; font-size: 10pt;\">Fast alle Bilder sind Eigentum des Seitenbetreibers.&nbsp;Sofern Bilder&nbsp;und Grafiken von Drittanbietern verwendet werden, so liegt das Einverst\u00e4ndnis vor und die Bilder sind entsprechend gekennzeichnet.<\/span><\/p>\n\n\n\n<h5 class=\"wp-block-heading\"><strong><span style=\"font-family: arial, helvetica, sans-serif;\">Grafiken, Logos, Banner, Widgets:<\/span><\/strong><\/h5>\n\n\n\n<p><span style=\"font-family: arial, helvetica, sans-serif; font-size: 10pt;\">Die Verwendung von Grafiken, Logos und Banner ist jeweils autorisiert. Die genutzten Grafiken wurden entweder selbst erstellt oder werden&nbsp;entsprechend der Nutzungsvorgaben der Urheber verwendet und sind entsprechend gekennzeichnet und\/oder verlinkt:<\/span><\/p>\n\n\n\n<p><span style=\"font-family: arial, helvetica, sans-serif; font-size: 10pt;\">Frankenpost, Share-Buttons im Rahmen der Shariff-Nutzung, WordPress-Logo, alle Banner\/Logos unter \u201eUnsere Partner\u201c<\/span><\/p>\n\n\n\n<h5 class=\"wp-block-heading\"><strong><span style=\"font-family: arial, helvetica, sans-serif;\">Downloads:<\/span><\/strong><\/h5>\n\n\n\n<p><span style=\"font-family: arial, helvetica, sans-serif; font-size: 10pt;\">Alle Downloads auf unsere Webseite sind Eigentum von Werner Michael und von uns erstellt, oder wir bieten ausgew\u00e4hlte Dateien entsprechend den Nutzungsvorgaben des Urhebers zum Download an. &nbsp;Die Downloads erfolgen von unserem Server:<\/span><\/p>\n\n\n\n<h5 class=\"wp-block-heading\"><strong><span style=\"font-family: arial, helvetica, sans-serif;\">Presse:<\/span><\/strong><\/h5>\n\n\n\n<p><span style=\"font-family: arial, helvetica, sans-serif; font-size: 10pt;\">Schnellzeichnen.de&nbsp;bietet in der Rubrik \u201ePresse\u201c ausgew\u00e4hlte, themabezogene Presseartikel an, die zum jeweiligen Originalartikel bei www.frankenpost.de verlinkt sind. Die Art des Auszugs, dessen Darstellung sowie die Verlinkung erfolgt nach den Vorgaben der Frankenpost-Onlineredaktion und ist von dieser schriftlich autorisiert.<\/span><\/p>\n\n\n\n<p><span style=\"font-family: arial, helvetica, sans-serif; font-size: 10pt;\">Sofern weitere Pressemeldungen in oder als Beitragstext auf unseren Seiten verwendet werden, ist diese Nutzung entweder durch den jeweiligen Autor genehmigt oder es handelt sich um unsere eigenen, originalen Presse-Mitteilungen (PM).<\/span><\/p>\n\n\n\n<h5 class=\"wp-block-heading\"><strong><span style=\"font-family: arial, helvetica, sans-serif;\">Allgemeine Hinweise zum Inhalt \/ Nutzung des Onlineangebotes:<\/span><\/strong><\/h5>\n\n\n\n<p><span style=\"font-family: arial, helvetica, sans-serif; font-size: 10pt;\">Der&nbsp;Seitenbetreiber \u00fcbernehmen keine Gew\u00e4hr f\u00fcr die Aktualit\u00e4t, Korrektheit, Vollst\u00e4ndigkeit oder Qualit\u00e4t der bereitgestellten Informationen. Wir behalten uns ausdr\u00fccklich vor, Teile der Seiten oder das gesamte Angebot ohne gesonderte Ank\u00fcndigung zu ver\u00e4ndern, zu erg\u00e4nzen, zu l\u00f6schen oder die Ver\u00f6ffentlichung zeitweise oder endg\u00fcltig einzustellen.<\/span><\/p>\n\n\n\n<hr class=\"wp-block-separator has-alpha-channel-opacity\"\/>\n\n\n\n<p class=\"has-text-align-center\"><span style=\"font-family: arial, helvetica, sans-serif; font-size: 8pt;\">Derzeitiger Stand der Impressumsangaben: <strong>April 2017<\/strong><\/span><\/p>\n\n\n\n<p>hideshariff<\/p>\n","protected":false},"excerpt":{"rendered":"<p>Angaben gem\u00e4\u00df \u00a7 5 DDG: <\/p>\n<p class=\"has-text-align-center\">Werner Michael<br \/>Karikaturist, Schnell- und Showzeichner<br \/>K\u00f6ditzerstra\u00dfe 40<br \/>95030 Hof<\/p>\n<p> Kontakt: <\/p>\n<p class=\"has-text-align-center\">Telefon: 09281 18976<\/p>\n<p class=\"has-text-align-center\">Telefax: 09281 18976<\/p>\n<p class=\"has-text-align-center\">Email: info@schnellzeichnen.de<\/p>\n<p> Umsatzsteuer-ID: <\/p>\n<p class=\"has-text-align-center\">Umsatzsteuer-Identifikationsnummer gem\u00e4\u00df \u00a727 a Umsatzsteuergesetz:<br \/> DE 132926191<\/p>\n<p> Vertretungsberechtigter: <\/p>\n<p class=\"has-text-align-center\">Werner Michael (siehe oben)<\/p>\n<p> Verantwortlich f\u00fcr den Inhalt: <\/p>\n<p class=\"has-text-align-center\">Thomas Schmidt (Admin C) V.i.S.d.P.<br \/> &hellip; <\/p>\n<p><a class=\"more-link btn\" href=\"https:\/\/www.schnellzeichnen.de\/szdewp\/impressum\/\">Weiterlesen<\/a><\/p>\n","protected":false},"author":1,"featured_media":0,"parent":0,"menu_order":0,"comment_status":"closed","ping_status":"open","template":"","meta":{"footnotes":""},"class_list":["post-17","page","type-page","status-publish","hentry","nodate","item-wrap"],"_links":{"self":[{"href":"https:\/\/www.schnellzeichnen.de\/szdewp\/wp-json\/wp\/v2\/pages\/17","targetHints":{"allow":["GET"]}}],"collection":[{"href":"https:\/\/www.schnellzeichnen.de\/szdewp\/wp-json\/wp\/v2\/pages"}],"about":[{"href":"https:\/\/www.schnellzeichnen.de\/szdewp\/wp-json\/wp\/v2\/types\/page"}],"author":[{"embeddable":true,"href":"https:\/\/www.schnellzeichnen.de\/szdewp\/wp-json\/wp\/v2\/users\/1"}],"replies":[{"embeddable":true,"href":"https:\/\/www.schnellzeichnen.de\/szdewp\/wp-json\/wp\/v2\/comments?post=17"}],"version-history":[{"count":1,"href":"https:\/\/www.schnellzeichnen.de\/szdewp\/wp-json\/wp\/v2\/pages\/17\/revisions"}],"predecessor-version":[{"id":912,"href":"https:\/\/www.schnellzeichnen.de\/szdewp\/wp-json\/wp\/v2\/pages\/17\/revisions\/912"}],"wp:attachment":[{"href":"https:\/\/www.schnellzeichnen.de\/szdewp\/wp-json\/wp\/v2\/media?parent=17"}],"curies":[{"name":"wp","href":"https:\/\/api.w.org\/{rel}","templated":true}]}}